{"id":21987,"date":"2020-01-20T21:19:56","date_gmt":"2020-01-20T16:19:56","guid":{"rendered":"https:\/\/cmbatisseurs.com\/contact-clinique-medicale-valleyfield\/"},"modified":"2024-09-30T09:41:58","modified_gmt":"2024-09-30T14:41:58","slug":"contact-us-clinique-medicale-valleyfield","status":"publish","type":"page","link":"https:\/\/cmbatisseurs.com\/en\/contact-us-clinique-medicale-valleyfield\/","title":{"rendered":"Contact us"},"content":{"rendered":"<div class=\"wpb-content-wrapper\">[mk_page_section bg_image=&#8221;https:\/\/cmbatisseurs.com\/wp-content\/uploads\/nous-joindre-clinique-medicale-des-batisseurs-opt.jpg&#8221; bg_image_portrait=&#8221;https:\/\/cmbatisseurs.com\/wp-content\/uploads\/nous-joindre-clinique-medicale-des-batisseurs-crop2-opt.jpg&#8221; bg_color=&#8221;#4d3b59&#8243; bg_position=&#8221;left center&#8221; bg_repeat=&#8221;no-repeat&#8221; bg_stretch=&#8221;true&#8221; video_color_mask=&#8221;#2b1f38&#8243; video_opacity=&#8221;0.4&#8243; js_vertical_centered=&#8221;true&#8221; padding_top=&#8221;0&#8243; padding_bottom=&#8221;0&#8243; sidebar=&#8221;sidebar-1&#8243;][vc_column][mk_padding_divider size=&#8221;50&#8243; visibility=&#8221;hidden-sm&#8221;][mk_padding_divider size=&#8221;50&#8243;][mk_fancy_title tag_name=&#8221;h1&#8243; color=&#8221;#ffffff&#8221; size=&#8221;36&#8243; force_font_size=&#8221;true&#8221; size_tablet=&#8221;30&#8243; size_phone=&#8221;26&#8243; font_weight=&#8221;bold&#8221; txt_transform=&#8221;uppercase&#8221; margin_bottom=&#8221;0&#8243; font_family=&#8221;Poppins&#8221; font_type=&#8221;google&#8221; align=&#8221;center&#8221;]<span style=\"color: #fff; display: inline-block;\">Clinique M\u00e9dicale des B\u00e2tisseurs<\/span> in Valleyfield[\/mk_fancy_title][vc_separator color=&#8221;white&#8221; border_width=&#8221;3&#8243; css=&#8221;.vc_custom_1579637560573{padding-top: 10px !important;padding-bottom: 10px !important;}&#8221;][vc_row_inner][vc_column_inner width=&#8221;1\/3&#8243;][mk_contact_info phone=&#8221;450-859-4222&#8243; fax=&#8221;450-371-9234&#8243; address=&#8221;616, chemin LarocqueSalaberry-de-Valleyfield, Qc, J6T 4C5&#8243; company=&#8221;<strong>Clinique m\u00e9dicale des B\u00e2tisseurs<\/strong>&#8221; el_class=&#8221;bjm-forcewhite&#8221;][\/vc_column_inner][vc_column_inner width=&#8221;1\/3&#8243;][mk_fancy_title color=&#8221;#ffffff&#8221; size=&#8221;20&#8243; font_weight=&#8221;bold&#8221; txt_transform=&#8221;uppercase&#8221; margin_bottom=&#8221;0&#8243; font_family=&#8221;Poppins&#8221; font_type=&#8221;google&#8221; responsive_align=&#8221;left&#8221; drop_shadow=&#8221;true&#8221; shadow_angle=&#8221;0&#8243; shadow_distance=&#8221;0&#8243; shadow_color=&#8221;#64516d&#8221;]BUSINESS HOURS[\/mk_fancy_title][vc_raw_html]JTNDZGl2JTIwY2xhc3MlM0QlMjJiam0taG91cnMlMjIlMjBzdHlsZSUzRCUyMmNvbG9yJTNBJTIzZmZmJTIwJTIxaW1wb3J0YW50JTIyJTNFTW9uZGF5JTIwdG8lMjBUaHVyc2RheSUyMCUzQ3N0cm9uZyUyMHN0eWxlJTNEJTIyY29sb3IlM0ElMjNmZmYlMjAlMjFpbXBvcnRhbnQlMjIlM0U4JTNBMDBBTSUyMHRvJTIwOSUzQTAwUE0lM0MlMkZzdHJvbmclM0UlM0NiciUzRSUwQUZyaWRheSUyMCUzQ3N0cm9uZyUyMHN0eWxlJTNEJTIyY29sb3IlM0ElMjNmZmYlMjAlMjFpbXBvcnRhbnQlMjIlM0U4JTNBMDBBTSUyMHRvJTIwMTclM0EwMFBNJTNDJTJGc3Ryb25nJTNFJTNDYnIlM0UlMEFTYXR1cmRheSUyMCUzQ3N0cm9uZyUyMHN0eWxlJTNEJTIyY29sb3IlM0ElMjNmZmYlMjAlMjFpbXBvcnRhbnQlMjIlM0U4JTNBMzBBTSUyMHRvJTIwMTIlM0EzMFBNJTIwJTNDJTJGc3Ryb25nJTNFJTNDYnIlM0UlMEFTdW5kYXklMjAlM0NzdHJvbmclMjBzdHlsZSUzRCUyMmNvbG9yJTNBJTIzZmZmJTIwJTIxaW1wb3J0YW50JTIyJTNFOCUzQTMwQU0lMjB0byUyMDEyJTNBMzBQTSUyMCUzQyUyRnN0cm9uZyUzRSUzQ2JyJTNFJTBBJTNDJTJGZGl2JTNF[\/vc_raw_html][mk_fancy_title color=&#8221;#ffffff&#8221; size=&#8221;20&#8243; font_weight=&#8221;bold&#8221; txt_transform=&#8221;uppercase&#8221; margin_bottom=&#8221;0&#8243; font_family=&#8221;Poppins&#8221; font_type=&#8221;google&#8221; responsive_align=&#8221;left&#8221; drop_shadow=&#8221;true&#8221; shadow_angle=&#8221;0&#8243; shadow_distance=&#8221;0&#8243; shadow_color=&#8221;#64516d&#8221;]Telephone service[\/mk_fancy_title][vc_raw_html]JTNDZGl2JTIwY2xhc3MlM0QlMjJiam0taG91cnMlMjIlMjBzdHlsZSUzRCUyMmNvbG9yJTNBJTIzZmZmJTIwJTIxaW1wb3J0YW50JTIyJTNFTW9uZGF5JTIwdG8lMjBGcmlkYXklMjAlM0NzdHJvbmclMjBzdHlsZSUzRCUyMmNvbG9yJTNBJTIzZmZmJTIwJTIxaW1wb3J0YW50JTIyJTNFOSUzQTAwQU0lMjB0byUyMDEyJTNBMDBQTSUzQyUyRnN0cm9uZyUzRSUzQ2JyJTNFJTBBJTIwJTNDc3Ryb25nJTIwc3R5bGUlM0QlMjJjb2xvciUzQSUyM2ZmZiUyMCUyMWltcG9ydGFudCUyMiUzRTElM0EwMFBNJTIwJUMzJUEwJTIwNCUzQTAwUE0lM0MlMkZzdHJvbmclM0UlM0NiciUzRSUwQVNhdHVyZGF5JTIwJTNDc3Ryb25nJTIwc3R5bGUlM0QlMjJjb2xvciUzQSUyM2ZmZiUyMCUyMWltcG9ydGFudCUyMiUzRTklM0EzMEFNJTIwdG8lMjAxMCUzQTMwQU0lMjAlM0MlMkZzdHJvbmclM0UlM0NiciUzRSUwQVN1bmRheSUyMCUzQ3N0cm9uZyUyMHN0eWxlJTNEJTIyY29sb3IlM0ElMjNmZmYlMjAlMjFpbXBvcnRhbnQlMjIlM0U5JTNBMzBBTSUyMHRvJTIwMTAlM0EzMEFNJTNDJTJGc3Ryb25nJTNFJTNDYnIlM0UlMEElM0MlMkZkaXYlM0U=[\/vc_raw_html][\/vc_column_inner][vc_column_inner width=&#8221;1\/3&#8243;][vc_gmaps link=&#8221;#E-8_JTNDaWZyYW1lJTIwc3JjJTNEJTIyaHR0cHMlM0ElMkYlMkZ3d3cuZ29vZ2xlLmNvbSUyRm1hcHMlMkZlbWJlZCUzRnBiJTNEJTIxMW0xOCUyMTFtMTIlMjExbTMlMjExZDI4MDkuNjY2OTgyMzMxMDA3NiUyMTJkLTc0LjEyMTMzOTE4NDY1MTc3JTIxM2Q0NS4yMzQzMDM3NzkwOTg4NiUyMTJtMyUyMTFmMCUyMTJmMCUyMTNmMCUyMTNtMiUyMTFpMTAyNCUyMTJpNzY4JTIxNGYxMy4xJTIxM20zJTIxMW0yJTIxMXMweDRjYzk1MDM5OGZkYTE2ZTElMjUzQTB4MjdmNjY3Mjc1NzY5YzhjNyUyMTJzNjE2JTI1MjBDaGVtaW4lMjUyMExhcm9jcXVlJTI1MkMlMjUyMFNhbGFiZXJyeS1kZS1WYWxsZXlmaWVsZCUyNTJDJTI1MjBRQyUyNTIwSjZUJTI1MjA0QzUlMjE1ZTAlMjEzbTIlMjExc2ZyJTIxMnNjYSUyMTR2MTU3OTU0MTI2MDEzOCUyMTVtMiUyMTFzZnIlMjEyc2NhJTIyJTIwd2lkdGglM0QlMjI2MDAlMjIlMjBoZWlnaHQlM0QlMjI0NTAlMjIlMjBmcmFtZWJvcmRlciUzRCUyMjAlMjIlMjBzdHlsZSUzRCUyMmJvcmRlciUzQTAlM0IlMjIlMjBhbGxvd2Z1bGxzY3JlZW4lM0QlMjIlMjIlM0UlM0MlMkZpZnJhbWUlM0U=&#8221; size=&#8221;160px&#8221; css=&#8221;.vc_custom_1579637401743{margin-top: 0px !important;margin-right: 0px !important;margin-bottom: 0px !important;margin-left: 0px !important;border-top-width: 0px !important;border-right-width: 0px !important;border-bottom-width: 0px !important;border-left-width: 0px !important;padding-top: 0px !important;padding-right: 0px !important;padding-bottom: 0px !important;padding-left: 0px !important;}&#8221;][\/vc_column_inner][\/vc_row_inner][mk_padding_divider size=&#8221;50&#8243;][\/vc_column][\/mk_page_section][vc_row fullwidth=&#8221;true&#8221; fullwidth_content=&#8221;false&#8221; css=&#8221;.vc_custom_1579541499251{padding-top: 90px !important;padding-bottom: 90px !important;background-color: #0b9ec1 !important;}&#8221;][vc_column][mk_fancy_title tag_name=&#8221;h3&#8243; color=&#8221;#ffffff&#8221; size=&#8221;30&#8243; force_font_size=&#8221;true&#8221; size_tablet=&#8221;28&#8243; size_phone=&#8221;24&#8243; font_weight=&#8221;400&#8243; margin_bottom=&#8221;0&#8243; font_family=&#8221;Poppins&#8221; font_type=&#8221;google&#8221; align=&#8221;center&#8221; animation=&#8221;top-to-bottom&#8221;]Our team[\/mk_fancy_title][mk_padding_divider size=&#8221;30&#8243;][vc_row_inner][vc_column_inner width=&#8221;1\/3&#8243;][vc_column_text css=&#8221;.vc_custom_1727707209944{margin-bottom: 0px !important;}&#8221;]\n<h4><span style=\"color: #ffffff;\">Physycians<\/span><\/h4>\n<p><span style=\"color: #ffffff;\">Dre Karine Benoit, <em>family and hospital medicine, obstetrics<\/em><\/span><br \/>\n<span style=\"color: #ffffff;\">Dre Katrine Berthiaume-Lessard, <em>family medicine and obstetrics\/em&gt;<\/em><\/span><br \/>\n<span style=\"color: #ffffff;\">Dre Andr\u00e9anne Brazeau, <em>medicine family and hospitable<\/em><\/span><br \/>\n<span style=\"color: #ffffff;\">Dr Jean-Fran\u00e7ois D\u00e9silets, <em>family medicine and CHSLD<\/em><\/span><br \/>\n<span style=\"color: #ffffff;\">Dre Charlotte De Wals, <em>family and hospital medicine, palliative care<\/em><\/span><br \/>\n<span style=\"color: #ffffff;\">Dre Lynn Dominique, <em>family medicine and obstetrics<\/em><\/span><br \/>\n<span style=\"color: #ffffff;\">Dr Ga\u00e9tan Drolet, <em>family and sport medicine t<\/em><\/span><br \/>\n<span style=\"color: #ffffff;\">Dre Jessica Gauthier, <em>family medicine and palliative care<\/em><\/span><br \/>\n<span style=\"color: #ffffff;\">Dre Audrey Lessard, <em>family medicine and CHSLD<\/em><\/span><br \/>\n<span style=\"color: #ffffff;\">Dre Karine Mongrain, <em>family and hospital medicine<\/em><\/span><br \/>\n<span style=\"color: #ffffff;\">Dre Mireille Morin, <em>family and hospital medicine, obstetrics<\/em><\/span><br \/>\n<span style=\"color: #ffffff;\">Dre Maggie Wei, <em>family medicine and obstetrics<\/em><\/span><br \/>\n<span style=\"color: #ffffff;\">Dr Ga\u00e9tan Drolet, <em>family medicine and sports medecine<\/em><\/span><br \/>\n<span style=\"color: #ffffff;\">Dre Marie-Pierre Beaudoin, <em>family medicine<\/em><\/span><br \/>\n<span style=\"color: #ffffff;\">Dre Katherine Gagnon-Labelle, <em>family medicine and CHSLD<\/em><\/span><br \/>\n<span style=\"color: #ffffff;\">Dre Oana Jumanca, <em>family medicine and obstetrics<\/em><\/span><br \/>\n<span style=\"color: #ffffff;\">Dr Karen Dzolang, <em>family medicine and CHSLD<\/em><\/span>[\/vc_column_text][\/vc_column_inner][vc_column_inner width=&#8221;1\/3&#8243;][vc_column_text css=&#8221;.vc_custom_1727707260957{margin-bottom: 0px !important;}&#8221;]\n<h4 style=\"margin-bottom: 0;\"><span style=\"color: #ffffff;\">FMG nurses<\/span><\/h4>\n<p><span style=\"color: #ffffff;\">Audrey M\u00e9nard<\/span><br \/>\n<span style=\"color: #ffffff;\">Genevi\u00e8ve Ledoux<\/span><br \/>\n<span style=\"color: #ffffff;\">Myriam Messier<\/span><br \/>\n<span style=\"color: #ffffff;\">Amanda Lim Kam Cheong<\/span><\/p>\n<h4 style=\"margin-bottom: 0;\"><span style=\"color: #ffffff;\">Nursing assistants<\/span><\/h4>\n<p><span style=\"color: #ffffff;\">Pascale Lauzon<\/span><br \/>\n<span style=\"color: #ffffff;\">M\u00e9lissa M\u00e9nard<\/span><br \/>\n<span style=\"color: #ffffff;\">Shanelle Foucault<\/span><br \/>\n<span style=\"color: #ffffff;\">\u00c9laine Sureau<\/span><br \/>\n<span style=\"color: #ffffff;\">Clo\u00e9 Chr\u00e9tien St-Pierre<\/span><\/p>\n<h4 style=\"margin-bottom: 0;\"><span style=\"color: #ffffff;\">Social worker<\/span><\/h4>\n<p><span style=\"color: #ffffff;\">Jean-Kristoff Bertrand<\/span><br \/>\n<span style=\"color: #ffffff;\">Carole Leroux<\/span>[\/vc_column_text][\/vc_column_inner][vc_column_inner width=&#8221;1\/3&#8243;][vc_column_text css=&#8221;.vc_custom_1727707315926{margin-bottom: 0px !important;}&#8221;]\n<h4 style=\"margin-bottom: 0;\"><span style=\"color: #ffffff;\">Receptionists<br \/>\n<\/span><\/h4>\n<p><span style=\"color: #ffffff;\">Marie-\u00c8ve Landry<\/span><br \/>\n<span style=\"color: #ffffff;\">Jessica Sauv\u00e9<\/span><br \/>\n<span style=\"color: #ffffff;\">Isabelle Deniger<\/span><br \/>\n<span style=\"color: #ffffff;\">M\u00e9lissa Desrochers<\/span><br \/>\n<span style=\"color: #ffffff;\">Joliann Galipeau<\/span><br \/>\n<span style=\"color: #ffffff;\">Genevi\u00e8ve Poirier<\/span><br \/>\n<span style=\"color: #ffffff;\">Gabrielle Chalus<\/span><br \/>\n<span style=\"color: #ffffff;\">Isabelle Descoteaux<\/span><\/p>\n<h4 style=\"margin-bottom: 0;\"><span style=\"color: #ffffff;\">Administrator<\/span><\/h4>\n<p><span style=\"color: #ffffff;\">Claudie Quenneville Bergevin<\/span>[\/vc_column_text][\/vc_column_inner][\/vc_row_inner][\/vc_column][\/vc_row][vc_row][vc_column][vc_column_text][\/vc_column_text][\/vc_column][\/vc_row]\n<\/div>","protected":false},"excerpt":{"rendered":"<p>[mk_page_section bg_image=&#8221;https:\/\/cmbatisseurs.com\/wp-content\/uploads\/nous-joindre-clinique-medicale-des-batisseurs-opt.jpg&#8221; bg_image_portrait=&#8221;https:\/\/cmbatisseurs.com\/wp-content\/uploads\/nous-joindre-clinique-medicale-des-batisseurs-crop2-opt.jpg&#8221; bg_color=&#8221;#4d3b59&#8243; bg_position=&#8221;left center&#8221; bg_repeat=&#8221;no-repeat&#8221; bg_stretch=&#8221;true&#8221; video_color_mask=&#8221;#2b1f38&#8243; video_opacity=&#8221;0.4&#8243; js_vertical_centered=&#8221;true&#8221; padding_top=&#8221;0&#8243; padding_bottom=&#8221;0&#8243; sidebar=&#8221;sidebar-1&#8243;][vc_column][mk_padding_divider size=&#8221;50&#8243; visibility=&#8221;hidden-sm&#8221;][mk_padding_divider size=&#8221;50&#8243;][mk_fancy_title tag_name=&#8221;h1&#8243; color=&#8221;#ffffff&#8221; size=&#8221;36&#8243; force_font_size=&#8221;true&#8221; size_tablet=&#8221;30&#8243; size_phone=&#8221;26&#8243; font_weight=&#8221;bold&#8221; txt_transform=&#8221;uppercase&#8221; margin_bottom=&#8221;0&#8243; font_family=&#8221;Poppins&#8221; font_type=&#8221;google&#8221; align=&#8221;center&#8221;]Clinique M\u00e9dicale des B\u00e2tisseurs in Valleyfield[\/mk_fancy_title][vc_separator color=&#8221;white&#8221; border_width=&#8221;3&#8243; css=&#8221;.vc_custom_1579637560573{padding-top: 10px !important;padding-bottom: 10px !important;}&#8221;][vc_row_inner][vc_column_inner width=&#8221;1\/3&#8243;][mk_contact_info phone=&#8221;450-859-4222&#8243; fax=&#8221;450-371-9234&#8243; address=&#8221;616, chemin LarocqueSalaberry-de-Valleyfield, Qc, J6T 4C5&#8243; company=&#8221;Clinique m\u00e9dicale des B\u00e2tisseurs&#8221; el_class=&#8221;bjm-forcewhite&#8221;][\/vc_column_inner][vc_column_inner [&hellip;]<\/p>\n","protected":false},"author":2,"featured_media":0,"parent":0,"menu_order":0,"comment_status":"closed","ping_status":"closed","template":"","meta":{"footnotes":""},"class_list":["post-21987","page","type-page","status-publish","hentry"],"yoast_head":"<!-- This site is optimized with the Yoast SEO plugin v27.4 - https:\/\/yoast.com\/product\/yoast-seo-wordpress\/ -->\n<title>Clinique M\u00e9dicale des B\u00e2tisseurs in Valleyfield | Contact Us<\/title>\n<meta name=\"description\" content=\"Contact Clinique M\u00e9dicale des B\u00e2tisseurs in Valleyfield. Family Medicine &amp; Obstetrics. Schedule appointments conveniently on our website. For information, call (450) 859-4222\" \/>\n<meta name=\"robots\" content=\"index, follow, max-snippet:-1, max-image-preview:large, max-video-preview:-1\" \/>\n<link rel=\"canonical\" href=\"https:\/\/cmbatisseurs.com\/en\/contact-us-clinique-medicale-valleyfield\/\" \/>\n<meta property=\"og:locale\" content=\"en_US\" \/>\n<meta property=\"og:type\" content=\"article\" \/>\n<meta property=\"og:title\" content=\"Clinique M\u00e9dicale des B\u00e2tisseurs in Valleyfield | Contact Us\" \/>\n<meta property=\"og:description\" content=\"Contact Clinique M\u00e9dicale des B\u00e2tisseurs in Valleyfield. Family Medicine &amp; Obstetrics. Schedule appointments conveniently on our website. For information, call (450) 859-4222\" \/>\n<meta property=\"og:url\" content=\"https:\/\/cmbatisseurs.com\/en\/contact-us-clinique-medicale-valleyfield\/\" \/>\n<meta property=\"og:site_name\" content=\"Clinique M\u00e9dicale des B\u00e2tisseurs\" \/>\n<meta property=\"article:modified_time\" content=\"2024-09-30T14:41:58+00:00\" \/>\n<meta name=\"twitter:card\" content=\"summary_large_image\" \/>\n<meta name=\"twitter:label1\" content=\"Est. reading time\" \/>\n\t<meta name=\"twitter:data1\" content=\"2 minutes\" \/>\n<script type=\"application\/ld+json\" class=\"yoast-schema-graph\">{\"@context\":\"https:\\\/\\\/schema.org\",\"@graph\":[{\"@type\":\"WebPage\",\"@id\":\"https:\\\/\\\/cmbatisseurs.com\\\/en\\\/contact-us-clinique-medicale-valleyfield\\\/\",\"url\":\"https:\\\/\\\/cmbatisseurs.com\\\/en\\\/contact-us-clinique-medicale-valleyfield\\\/\",\"name\":\"Clinique M\u00e9dicale des B\u00e2tisseurs in Valleyfield | Contact Us\",\"isPartOf\":{\"@id\":\"https:\\\/\\\/cmbatisseurs.com\\\/en\\\/#website\"},\"datePublished\":\"2020-01-20T16:19:56+00:00\",\"dateModified\":\"2024-09-30T14:41:58+00:00\",\"description\":\"Contact Clinique M\u00e9dicale des B\u00e2tisseurs in Valleyfield. Family Medicine & Obstetrics. Schedule appointments conveniently on our website. For information, call (450) 859-4222\",\"breadcrumb\":{\"@id\":\"https:\\\/\\\/cmbatisseurs.com\\\/en\\\/contact-us-clinique-medicale-valleyfield\\\/#breadcrumb\"},\"inLanguage\":\"en-CA\",\"potentialAction\":[{\"@type\":\"ReadAction\",\"target\":[\"https:\\\/\\\/cmbatisseurs.com\\\/en\\\/contact-us-clinique-medicale-valleyfield\\\/\"]}]},{\"@type\":\"BreadcrumbList\",\"@id\":\"https:\\\/\\\/cmbatisseurs.com\\\/en\\\/contact-us-clinique-medicale-valleyfield\\\/#breadcrumb\",\"itemListElement\":[{\"@type\":\"ListItem\",\"position\":1,\"name\":\"Home\",\"item\":\"https:\\\/\\\/cmbatisseurs.com\\\/en\\\/\"},{\"@type\":\"ListItem\",\"position\":2,\"name\":\"Contact us\"}]},{\"@type\":\"WebSite\",\"@id\":\"https:\\\/\\\/cmbatisseurs.com\\\/en\\\/#website\",\"url\":\"https:\\\/\\\/cmbatisseurs.com\\\/en\\\/\",\"name\":\"Clinique M\u00e9dicale des B\u00e2tisseurs\",\"description\":\"\",\"potentialAction\":[{\"@type\":\"SearchAction\",\"target\":{\"@type\":\"EntryPoint\",\"urlTemplate\":\"https:\\\/\\\/cmbatisseurs.com\\\/en\\\/?s={search_term_string}\"},\"query-input\":{\"@type\":\"PropertyValueSpecification\",\"valueRequired\":true,\"valueName\":\"search_term_string\"}}],\"inLanguage\":\"en-CA\"}]}<\/script>\n<!-- \/ Yoast SEO plugin. -->","yoast_head_json":{"title":"Clinique M\u00e9dicale des B\u00e2tisseurs in Valleyfield | Contact Us","description":"Contact Clinique M\u00e9dicale des B\u00e2tisseurs in Valleyfield. Family Medicine & Obstetrics. Schedule appointments conveniently on our website. For information, call (450) 859-4222","robots":{"index":"index","follow":"follow","max-snippet":"max-snippet:-1","max-image-preview":"max-image-preview:large","max-video-preview":"max-video-preview:-1"},"canonical":"https:\/\/cmbatisseurs.com\/en\/contact-us-clinique-medicale-valleyfield\/","og_locale":"en_US","og_type":"article","og_title":"Clinique M\u00e9dicale des B\u00e2tisseurs in Valleyfield | Contact Us","og_description":"Contact Clinique M\u00e9dicale des B\u00e2tisseurs in Valleyfield. Family Medicine & Obstetrics. Schedule appointments conveniently on our website. For information, call (450) 859-4222","og_url":"https:\/\/cmbatisseurs.com\/en\/contact-us-clinique-medicale-valleyfield\/","og_site_name":"Clinique M\u00e9dicale des B\u00e2tisseurs","article_modified_time":"2024-09-30T14:41:58+00:00","twitter_card":"summary_large_image","twitter_misc":{"Est. reading time":"2 minutes"},"schema":{"@context":"https:\/\/schema.org","@graph":[{"@type":"WebPage","@id":"https:\/\/cmbatisseurs.com\/en\/contact-us-clinique-medicale-valleyfield\/","url":"https:\/\/cmbatisseurs.com\/en\/contact-us-clinique-medicale-valleyfield\/","name":"Clinique M\u00e9dicale des B\u00e2tisseurs in Valleyfield | Contact Us","isPartOf":{"@id":"https:\/\/cmbatisseurs.com\/en\/#website"},"datePublished":"2020-01-20T16:19:56+00:00","dateModified":"2024-09-30T14:41:58+00:00","description":"Contact Clinique M\u00e9dicale des B\u00e2tisseurs in Valleyfield. Family Medicine & Obstetrics. Schedule appointments conveniently on our website. For information, call (450) 859-4222","breadcrumb":{"@id":"https:\/\/cmbatisseurs.com\/en\/contact-us-clinique-medicale-valleyfield\/#breadcrumb"},"inLanguage":"en-CA","potentialAction":[{"@type":"ReadAction","target":["https:\/\/cmbatisseurs.com\/en\/contact-us-clinique-medicale-valleyfield\/"]}]},{"@type":"BreadcrumbList","@id":"https:\/\/cmbatisseurs.com\/en\/contact-us-clinique-medicale-valleyfield\/#breadcrumb","itemListElement":[{"@type":"ListItem","position":1,"name":"Home","item":"https:\/\/cmbatisseurs.com\/en\/"},{"@type":"ListItem","position":2,"name":"Contact us"}]},{"@type":"WebSite","@id":"https:\/\/cmbatisseurs.com\/en\/#website","url":"https:\/\/cmbatisseurs.com\/en\/","name":"Clinique M\u00e9dicale des B\u00e2tisseurs","description":"","potentialAction":[{"@type":"SearchAction","target":{"@type":"EntryPoint","urlTemplate":"https:\/\/cmbatisseurs.com\/en\/?s={search_term_string}"},"query-input":{"@type":"PropertyValueSpecification","valueRequired":true,"valueName":"search_term_string"}}],"inLanguage":"en-CA"}]}},"_links":{"self":[{"href":"https:\/\/cmbatisseurs.com\/en\/wp-json\/wp\/v2\/pages\/21987","targetHints":{"allow":["GET"]}}],"collection":[{"href":"https:\/\/cmbatisseurs.com\/en\/wp-json\/wp\/v2\/pages"}],"about":[{"href":"https:\/\/cmbatisseurs.com\/en\/wp-json\/wp\/v2\/types\/page"}],"author":[{"embeddable":true,"href":"https:\/\/cmbatisseurs.com\/en\/wp-json\/wp\/v2\/users\/2"}],"replies":[{"embeddable":true,"href":"https:\/\/cmbatisseurs.com\/en\/wp-json\/wp\/v2\/comments?post=21987"}],"version-history":[{"count":18,"href":"https:\/\/cmbatisseurs.com\/en\/wp-json\/wp\/v2\/pages\/21987\/revisions"}],"predecessor-version":[{"id":93507,"href":"https:\/\/cmbatisseurs.com\/en\/wp-json\/wp\/v2\/pages\/21987\/revisions\/93507"}],"wp:attachment":[{"href":"https:\/\/cmbatisseurs.com\/en\/wp-json\/wp\/v2\/media?parent=21987"}],"curies":[{"name":"wp","href":"https:\/\/api.w.org\/{rel}","templated":true}]}}